{"id":266,"date":"2011-07-06T08:44:27","date_gmt":"2011-07-06T06:44:27","guid":{"rendered":"http:\/\/www.janezkotar.com\/fotografija\/?page_id=266"},"modified":"2011-07-06T08:49:51","modified_gmt":"2011-07-06T06:49:51","slug":"teja-tine","status":"publish","type":"page","link":"https:\/\/www.janezkotar.com\/fotografija\/utrinki\/teja-tine\/","title":{"rendered":"Teja, Tine in ?"},"content":{"rendered":"<p><object id=\"vp103YX0\" width=\"648\" height=\"360\" classid=\"clsid:d27cdb6e-ae6d-11cf-96b8-444553540000\"><param name=\"movie\" value=\"http:\/\/static.animoto.com\/swf\/w.swf?w=swf\/vp1&#038;e=1309934964&#038;f=03YX0vYrRfyMVxFuSXEyaw&#038;d=219&#038;m=p&#038;r=360p+480p+720p&#038;volume=50&#038;start_res=720p&#038;i=m&#038;ct=www.janezkotar.com&#038;cu=http:\/\/www.janezkotar.com&#038;options=\"><\/param><param name=\"allowFullScreen\" value=\"true\"><\/param><param name=\"allowscriptaccess\" value=\"always\"><\/param><embed id=\"vp103YX0\" src=\"http:\/\/static.animoto.com\/swf\/w.swf?w=swf\/vp1&#038;e=1309934964&#038;f=03YX0vYrRfyMVxFuSXEyaw&#038;d=219&#038;m=p&#038;r=360p+480p+720p&#038;volume=50&#038;start_res=720p&#038;i=m&#038;ct=www.janezkotar.com&#038;cu=http:\/\/www.janezkotar.com&#038;options=\" type=\"application\/x-shockwave-flash\" allowscriptaccess=\"always\" allowfullscreen=\"true\" width=\"648\" height=\"360\"><\/embed><\/object><\/p>\n<p>Za kakovosten ogled filma priporo\u010dam &#8220;<strong>Full screen<\/strong>&#8221; na\u010din (pravokotna ikona desno spodaj) in seveda zvo\u010dnike ali slu\u0161alke.<\/p>\n","protected":false},"excerpt":{"rendered":"<p>Za kakovosten ogled filma priporo\u010dam &#8220;Full screen&#8221; na\u010din (pravokotna ikona desno spodaj) in seveda zvo\u010dnike ali slu\u0161alke.<\/p>\n","protected":false},"author":1,"featured_media":0,"parent":62,"menu_order":0,"comment_status":"closed","ping_status":"open","template":"","meta":{"footnotes":""},"class_list":["post-266","page","type-page","status-publish","hentry"],"_links":{"self":[{"href":"https:\/\/www.janezkotar.com\/fotografija\/wp-json\/wp\/v2\/pages\/266","targetHints":{"allow":["GET"]}}],"collection":[{"href":"https:\/\/www.janezkotar.com\/fotografija\/wp-json\/wp\/v2\/pages"}],"about":[{"href":"https:\/\/www.janezkotar.com\/fotografija\/wp-json\/wp\/v2\/types\/page"}],"author":[{"embeddable":true,"href":"https:\/\/www.janezkotar.com\/fotografija\/wp-json\/wp\/v2\/users\/1"}],"replies":[{"embeddable":true,"href":"https:\/\/www.janezkotar.com\/fotografija\/wp-json\/wp\/v2\/comments?post=266"}],"version-history":[{"count":7,"href":"https:\/\/www.janezkotar.com\/fotografija\/wp-json\/wp\/v2\/pages\/266\/revisions"}],"predecessor-version":[{"id":274,"href":"https:\/\/www.janezkotar.com\/fotografija\/wp-json\/wp\/v2\/pages\/266\/revisions\/274"}],"up":[{"embeddable":true,"href":"https:\/\/www.janezkotar.com\/fotografija\/wp-json\/wp\/v2\/pages\/62"}],"wp:attachment":[{"href":"https:\/\/www.janezkotar.com\/fotografija\/wp-json\/wp\/v2\/media?parent=266"}],"curies":[{"name":"wp","href":"https:\/\/api.w.org\/{rel}","templated":true}]}}