{"id":260,"date":"2011-07-04T19:55:36","date_gmt":"2011-07-04T17:55:36","guid":{"rendered":"http:\/\/www.janezkotar.com\/fotografija\/?page_id=260"},"modified":"2011-07-11T10:33:26","modified_gmt":"2011-07-11T08:33:26","slug":"aston-sara-in-denis","status":"publish","type":"page","link":"https:\/\/www.janezkotar.com\/fotografija\/utrinki\/aston-sara-in-denis\/","title":{"rendered":"Aston, Sara in Denis"},"content":{"rendered":"<p><object id=\"vp1Y06fC\" width=\"648\" height=\"360\" classid=\"clsid:d27cdb6e-ae6d-11cf-96b8-444553540000\"><param name=\"movie\" value=\"http:\/\/static.animoto.com\/swf\/w.swf?w=swf\/vp1&#038;e=1309802069&#038;f=Y06fCCou3AkWQhYl01thcQ&#038;d=297&#038;m=p&#038;r=360p+480p+720p&#038;volume=50&#038;start_res=720p&#038;i=m&#038;ct=www.janezkotar.com&#038;cu=http:\/\/www.janezkotar.com&#038;options=\"><\/param><param name=\"allowFullScreen\" value=\"true\"><\/param><param name=\"allowscriptaccess\" value=\"always\"><\/param><embed id=\"vp1Y06fC\" src=\"http:\/\/static.animoto.com\/swf\/w.swf?w=swf\/vp1&#038;e=1309802069&#038;f=Y06fCCou3AkWQhYl01thcQ&#038;d=297&#038;m=p&#038;r=360p+480p+720p&#038;volume=50&#038;start_res=720p&#038;i=m&#038;ct=www.janezkotar.com&#038;cu=http:\/\/www.janezkotar.com&#038;options=\" type=\"application\/x-shockwave-flash\" allowscriptaccess=\"always\" allowfullscreen=\"true\" width=\"648\" height=\"360\"><\/embed><\/object><\/p>\n<p>Za kakovosten ogled filma priporo\u010dam &#8220;<strong>Full screen<\/strong>&#8221; na\u010din (pravokotna ikona desno spodaj) in seveda zvo\u010dnike ali slu\u0161alke.<\/p>\n<p><object id=\"vp1UTfMN\" width=\"648\" height=\"360\" classid=\"clsid:d27cdb6e-ae6d-11cf-96b8-444553540000\"><param name=\"movie\" value=\"http:\/\/static.animoto.com\/swf\/w.swf?w=swf\/vp1&#038;e=1310373133&#038;f=UTfMNN5Yg38LKOkPeAswFQ&#038;d=134&#038;m=p&#038;r=360p+720p&#038;volume=100&#038;start_res=720p&#038;i=m&#038;ct=www.janezkotar.com&#038;cu=http:\/\/www.janezkotar.com&#038;options=\"><\/param><param name=\"allowFullScreen\" value=\"true\"><\/param><param name=\"allowscriptaccess\" value=\"always\"><\/param><embed id=\"vp1UTfMN\" src=\"http:\/\/static.animoto.com\/swf\/w.swf?w=swf\/vp1&#038;e=1310373133&#038;f=UTfMNN5Yg38LKOkPeAswFQ&#038;d=134&#038;m=p&#038;r=360p+720p&#038;volume=100&#038;start_res=720p&#038;i=m&#038;ct=www.janezkotar.com&#038;cu=http:\/\/www.janezkotar.com&#038;options=\" type=\"application\/x-shockwave-flash\" allowscriptaccess=\"always\" allowfullscreen=\"true\" width=\"648\" height=\"360\"><\/embed><\/object><br \/>\nZa kakovosten ogled filma priporo\u010dam &#8220;<strong>Full screen<\/strong>&#8221; na\u010din (pravokotna ikona desno spodaj) in seveda zvo\u010dnike ali slu\u0161alke.<\/p>\n","protected":false},"excerpt":{"rendered":"<p>Za kakovosten ogled filma priporo\u010dam &#8220;Full screen&#8221; na\u010din (pravokotna ikona desno spodaj) in seveda zvo\u010dnike ali slu\u0161alke. Za kakovosten ogled filma priporo\u010dam &#8220;Full screen&#8221; na\u010din (pravokotna ikona desno spodaj) in seveda zvo\u010dnike ali slu\u0161alke.<\/p>\n","protected":false},"author":1,"featured_media":0,"parent":62,"menu_order":0,"comment_status":"closed","ping_status":"open","template":"","meta":{"footnotes":""},"class_list":["post-260","page","type-page","status-publish","hentry"],"_links":{"self":[{"href":"https:\/\/www.janezkotar.com\/fotografija\/wp-json\/wp\/v2\/pages\/260","targetHints":{"allow":["GET"]}}],"collection":[{"href":"https:\/\/www.janezkotar.com\/fotografija\/wp-json\/wp\/v2\/pages"}],"about":[{"href":"https:\/\/www.janezkotar.com\/fotografija\/wp-json\/wp\/v2\/types\/page"}],"author":[{"embeddable":true,"href":"https:\/\/www.janezkotar.com\/fotografija\/wp-json\/wp\/v2\/users\/1"}],"replies":[{"embeddable":true,"href":"https:\/\/www.janezkotar.com\/fotografija\/wp-json\/wp\/v2\/comments?post=260"}],"version-history":[{"count":2,"href":"https:\/\/www.janezkotar.com\/fotografija\/wp-json\/wp\/v2\/pages\/260\/revisions"}],"predecessor-version":[{"id":277,"href":"https:\/\/www.janezkotar.com\/fotografija\/wp-json\/wp\/v2\/pages\/260\/revisions\/277"}],"up":[{"embeddable":true,"href":"https:\/\/www.janezkotar.com\/fotografija\/wp-json\/wp\/v2\/pages\/62"}],"wp:attachment":[{"href":"https:\/\/www.janezkotar.com\/fotografija\/wp-json\/wp\/v2\/media?parent=260"}],"curies":[{"name":"wp","href":"https:\/\/api.w.org\/{rel}","templated":true}]}}