{"id":159,"date":"2011-06-11T08:24:39","date_gmt":"2011-06-11T06:24:39","guid":{"rendered":"http:\/\/www.janezkotar.com\/fotografija\/?page_id=159"},"modified":"2011-06-20T11:10:32","modified_gmt":"2011-06-20T09:10:32","slug":"sladki-nasmehi","status":"publish","type":"page","link":"https:\/\/www.janezkotar.com\/fotografija\/utrinki\/sladki-nasmehi\/","title":{"rendered":"Sladki nasmehi"},"content":{"rendered":"<p><object id=\"vp15fv56\" width=\"648\" height=\"360\" classid=\"clsid:d27cdb6e-ae6d-11cf-96b8-444553540000\"><param name=\"movie\" value=\"http:\/\/static.animoto.com\/swf\/w.swf?w=swf\/vp1&#038;e=1307773373&#038;f=5fv56NU9LZBnLxaIKjDsgw&#038;d=158&#038;m=p&#038;r=360p+480p+720p&#038;volume=50&#038;start_res=480p&#038;i=m&#038;ct=www.janezkotar.com&#038;cu=http:\/\/www.janezkotar.com&#038;options=\"><\/param><param name=\"allowFullScreen\" value=\"true\"><\/param><param name=\"allowscriptaccess\" value=\"always\"><\/param><embed id=\"vp15fv56\" src=\"http:\/\/static.animoto.com\/swf\/w.swf?w=swf\/vp1&#038;e=1307773373&#038;f=5fv56NU9LZBnLxaIKjDsgw&#038;d=158&#038;m=p&#038;r=360p+480p+720p&#038;volume=50&#038;start_res=480p&#038;i=m&#038;ct=www.janezkotar.com&#038;cu=http:\/\/www.janezkotar.com&#038;options=\" type=\"application\/x-shockwave-flash\" allowscriptaccess=\"always\" allowfullscreen=\"true\" width=\"648\" height=\"360\"><\/embed><\/object><\/p>\n<p>Za kakovosten ogled filma priporo\u010dam &#8220;<strong>Full screen<\/strong>&#8221; na\u010din (pravokotna ikona desno spodaj) in seveda zvo\u010dnike ali slu\u0161alke.<\/p>\n<p>[fbshare]<br \/>\n[wp_connect_comments href=&#8221;&#8221; width=&#8221;500&#8243; num_posts=&#8221;6&#8243; colorscheme=&#8221;light&#8221; \/]<br \/>\n<!-- Facebook Badge START --><a href=\"http:\/\/www.facebook.com\/JanezKotarPhotography\" target=\"_TOP\" style=\"font-family: &quot;lucida grande&quot;,tahoma,verdana,arial,sans-serif; font-size: 11px; font-variant: normal; font-style: normal; font-weight: normal; color: #3B5998; text-decoration: none;\" title=\"Janez Kotar Photography\">Janez Kotar Photography<\/a><br \/><a href=\"http:\/\/www.facebook.com\/JanezKotarPhotography\" target=\"_TOP\" title=\"Janez Kotar Photography\"><img loading=\"lazy\" decoding=\"async\" src=\"http:\/\/www.janezkotar.com\/fotografija\/files\/2011\/06\/FB_Badge.png\" width=\"300\" height=\"84\" style=\"border: 0px;\" \/><\/a><!-- Facebook Badge END --><br \/>\n[wp_connect_like_button href=&#8221;http:\/\/www.facebook.com\/JanezKotarPhotography&#8221; send_button=&#8221;disabled&#8221; layout=&#8221;standard&#8221; width=&#8221;600&#8243; show_faces=&#8221;enabled&#8221; verb=&#8221;like&#8221; colorscheme=&#8221;light&#8221; font=&#8221;arial&#8221; ref=&#8221;&#8221; \/]<\/p>\n","protected":false},"excerpt":{"rendered":"<p>Za kakovosten ogled filma priporo\u010dam &#8220;Full screen&#8221; na\u010din (pravokotna ikona desno spodaj) in seveda zvo\u010dnike ali slu\u0161alke. [fbshare] [wp_connect_comments href=&#8221;&#8221; width=&#8221;500&#8243; num_posts=&#8221;6&#8243; colorscheme=&#8221;light&#8221; \/] Janez Kotar Photography [wp_connect_like_button href=&#8221;http:\/\/www.facebook.com\/JanezKotarPhotography&#8221; send_button=&#8221;disabled&#8221; layout=&#8221;standard&#8221; width=&#8221;600&#8243; show_faces=&#8221;enabled&#8221; verb=&#8221;like&#8221; colorscheme=&#8221;light&#8221; font=&#8221;arial&#8221; ref=&#8221;&#8221; \/]<\/p>\n","protected":false},"author":1,"featured_media":0,"parent":62,"menu_order":0,"comment_status":"open","ping_status":"open","template":"","meta":{"footnotes":""},"class_list":["post-159","page","type-page","status-publish","hentry"],"_links":{"self":[{"href":"https:\/\/www.janezkotar.com\/fotografija\/wp-json\/wp\/v2\/pages\/159","targetHints":{"allow":["GET"]}}],"collection":[{"href":"https:\/\/www.janezkotar.com\/fotografija\/wp-json\/wp\/v2\/pages"}],"about":[{"href":"https:\/\/www.janezkotar.com\/fotografija\/wp-json\/wp\/v2\/types\/page"}],"author":[{"embeddable":true,"href":"https:\/\/www.janezkotar.com\/fotografija\/wp-json\/wp\/v2\/users\/1"}],"replies":[{"embeddable":true,"href":"https:\/\/www.janezkotar.com\/fotografija\/wp-json\/wp\/v2\/comments?post=159"}],"version-history":[{"count":4,"href":"https:\/\/www.janezkotar.com\/fotografija\/wp-json\/wp\/v2\/pages\/159\/revisions"}],"predecessor-version":[{"id":229,"href":"https:\/\/www.janezkotar.com\/fotografija\/wp-json\/wp\/v2\/pages\/159\/revisions\/229"}],"up":[{"embeddable":true,"href":"https:\/\/www.janezkotar.com\/fotografija\/wp-json\/wp\/v2\/pages\/62"}],"wp:attachment":[{"href":"https:\/\/www.janezkotar.com\/fotografija\/wp-json\/wp\/v2\/media?parent=159"}],"curies":[{"name":"wp","href":"https:\/\/api.w.org\/{rel}","templated":true}]}}