{"id":140,"date":"2011-06-01T18:42:21","date_gmt":"2011-06-01T16:42:21","guid":{"rendered":"http:\/\/www.janezkotar.com\/fotografija\/?page_id=140"},"modified":"2011-06-01T18:42:21","modified_gmt":"2011-06-01T16:42:21","slug":"tanja-janko","status":"publish","type":"page","link":"https:\/\/www.janezkotar.com\/fotografija\/utrinki\/tanja-janko\/","title":{"rendered":"Tanja, Janko in ?"},"content":{"rendered":"<p>Za ogled priporo\u010dam <em>full screen<\/em> na\u010din (pravokotna ikona spodaj desno) ter uporabo zvo\u010dnikov ali slu\u0161alk.<\/p>\n<p><object id=\"vp1ORwie\" width=\"648\" height=\"360\" classid=\"clsid:d27cdb6e-ae6d-11cf-96b8-444553540000\"><param name=\"movie\" value=\"http:\/\/static.animoto.com\/swf\/w.swf?w=swf\/vp1&#038;e=1306945442&#038;f=ORwie1rzbF4GD5q1toiZpw&#038;d=273&#038;m=p&#038;r=360p+720p&#038;volume=100&#038;start_res=720p&#038;i=m&#038;ct=www.janezkotar.com&#038;cu=http:\/\/www.janezkotar.com&#038;options=\"><\/param><param name=\"allowFullScreen\" value=\"true\"><\/param><param name=\"allowscriptaccess\" value=\"always\"><\/param><embed id=\"vp1ORwie\" src=\"http:\/\/static.animoto.com\/swf\/w.swf?w=swf\/vp1&#038;e=1306945442&#038;f=ORwie1rzbF4GD5q1toiZpw&#038;d=273&#038;m=p&#038;r=360p+720p&#038;volume=100&#038;start_res=720p&#038;i=m&#038;ct=www.janezkotar.com&#038;cu=http:\/\/www.janezkotar.com&#038;options=\" type=\"application\/x-shockwave-flash\" allowscriptaccess=\"always\" allowfullscreen=\"true\" width=\"648\" height=\"360\"><\/embed><\/object><\/p>\n","protected":false},"excerpt":{"rendered":"<p>Za ogled priporo\u010dam full screen na\u010din (pravokotna ikona spodaj desno) ter uporabo zvo\u010dnikov ali slu\u0161alk.<\/p>\n","protected":false},"author":1,"featured_media":0,"parent":62,"menu_order":0,"comment_status":"open","ping_status":"open","template":"","meta":{"footnotes":""},"class_list":["post-140","page","type-page","status-publish","hentry"],"_links":{"self":[{"href":"https:\/\/www.janezkotar.com\/fotografija\/wp-json\/wp\/v2\/pages\/140","targetHints":{"allow":["GET"]}}],"collection":[{"href":"https:\/\/www.janezkotar.com\/fotografija\/wp-json\/wp\/v2\/pages"}],"about":[{"href":"https:\/\/www.janezkotar.com\/fotografija\/wp-json\/wp\/v2\/types\/page"}],"author":[{"embeddable":true,"href":"https:\/\/www.janezkotar.com\/fotografija\/wp-json\/wp\/v2\/users\/1"}],"replies":[{"embeddable":true,"href":"https:\/\/www.janezkotar.com\/fotografija\/wp-json\/wp\/v2\/comments?post=140"}],"version-history":[{"count":4,"href":"https:\/\/www.janezkotar.com\/fotografija\/wp-json\/wp\/v2\/pages\/140\/revisions"}],"predecessor-version":[{"id":144,"href":"https:\/\/www.janezkotar.com\/fotografija\/wp-json\/wp\/v2\/pages\/140\/revisions\/144"}],"up":[{"embeddable":true,"href":"https:\/\/www.janezkotar.com\/fotografija\/wp-json\/wp\/v2\/pages\/62"}],"wp:attachment":[{"href":"https:\/\/www.janezkotar.com\/fotografija\/wp-json\/wp\/v2\/media?parent=140"}],"curies":[{"name":"wp","href":"https:\/\/api.w.org\/{rel}","templated":true}]}}