{"id":129,"date":"2011-05-25T14:55:38","date_gmt":"2011-05-25T12:55:38","guid":{"rendered":"http:\/\/www.janezkotar.com\/fotografija\/?page_id=129"},"modified":"2011-05-25T14:55:38","modified_gmt":"2011-05-25T12:55:38","slug":"andreja-in-gregor","status":"publish","type":"page","link":"https:\/\/www.janezkotar.com\/fotografija\/utrinki\/andreja-in-gregor\/","title":{"rendered":"Andreja in Gregor"},"content":{"rendered":"<p>Za ogled priporo\u010dam <em>full screen<\/em> na\u010din (pravokotna ikona spodaj desno) ter uporabo zvo\u010dnikov ali slu\u0161alk.<\/p>\n<p>ODHOD OD DOMA<br \/>\n<object id=\"vp14URud\" width=\"648\" height=\"360\" classid=\"clsid:d27cdb6e-ae6d-11cf-96b8-444553540000\"><param name=\"movie\" value=\"http:\/\/static.animoto.com\/swf\/w.swf?w=swf\/vp1&#038;e=1306327105&#038;f=4URud2YKojQ11NFsFlf1rQ&#038;d=396&#038;m=p&#038;r=240p+480p&#038;volume=50&#038;start_res=480p&#038;i=m&#038;ct=janez%20kotar%20photography&#038;cu=http:\/\/www.janezkotar.com&#038;options=\"><\/param><param name=\"allowFullScreen\" value=\"true\"><\/param><param name=\"allowscriptaccess\" value=\"always\"><\/param><embed id=\"vp14URud\" src=\"http:\/\/static.animoto.com\/swf\/w.swf?w=swf\/vp1&#038;e=1306327105&#038;f=4URud2YKojQ11NFsFlf1rQ&#038;d=396&#038;m=p&#038;r=240p+480p&#038;volume=50&#038;start_res=480p&#038;i=m&#038;ct=janez%20kotar%20photography&#038;cu=http:\/\/www.janezkotar.com&#038;options=\" type=\"application\/x-shockwave-flash\" allowscriptaccess=\"always\" allowfullscreen=\"true\" width=\"648\" height=\"360\"><\/embed><\/object><\/p>\n<p>PORO\u010cNA OBREDA<br \/>\n<object id=\"vp1LtzFP\" width=\"648\" height=\"360\" classid=\"clsid:d27cdb6e-ae6d-11cf-96b8-444553540000\"><param name=\"movie\" value=\"http:\/\/static.animoto.com\/swf\/w.swf?w=swf\/vp1&#038;e=1306327138&#038;f=LtzFPdfZmz37BbrFuVpUfQ&#038;d=423&#038;m=p&#038;r=240p+480p&#038;volume=50&#038;start_res=480p&#038;i=m&#038;ct=janez%20kotar%20photography&#038;cu=http:\/\/www.janezkotar.com&#038;options=\"><\/param><param name=\"allowFullScreen\" value=\"true\"><\/param><param name=\"allowscriptaccess\" value=\"always\"><\/param><embed id=\"vp1LtzFP\" src=\"http:\/\/static.animoto.com\/swf\/w.swf?w=swf\/vp1&#038;e=1306327138&#038;f=LtzFPdfZmz37BbrFuVpUfQ&#038;d=423&#038;m=p&#038;r=240p+480p&#038;volume=50&#038;start_res=480p&#038;i=m&#038;ct=janez%20kotar%20photography&#038;cu=http:\/\/www.janezkotar.com&#038;options=\" type=\"application\/x-shockwave-flash\" allowscriptaccess=\"always\" allowfullscreen=\"true\" width=\"648\" height=\"360\"><\/embed><\/object><\/p>\n<p>SPREHOD IN PORO\u010cNO SLAVJE<br \/>\n<object id=\"vp1ODXBP\" width=\"648\" height=\"360\" classid=\"clsid:d27cdb6e-ae6d-11cf-96b8-444553540000\"><param name=\"movie\" value=\"http:\/\/static.animoto.com\/swf\/w.swf?w=swf\/vp1&#038;e=1306327163&#038;f=ODXBPdEqKDE6e5IEeVMlBg&#038;d=350&#038;m=p&#038;r=240p+480p&#038;volume=50&#038;start_res=480p&#038;i=m&#038;ct=janez%20kotar%20photography&#038;cu=http:\/\/www.janezkotar.com&#038;options=\"><\/param><param name=\"allowFullScreen\" value=\"true\"><\/param><param name=\"allowscriptaccess\" value=\"always\"><\/param><embed id=\"vp1ODXBP\" src=\"http:\/\/static.animoto.com\/swf\/w.swf?w=swf\/vp1&#038;e=1306327163&#038;f=ODXBPdEqKDE6e5IEeVMlBg&#038;d=350&#038;m=p&#038;r=240p+480p&#038;volume=50&#038;start_res=480p&#038;i=m&#038;ct=janez%20kotar%20photography&#038;cu=http:\/\/www.janezkotar.com&#038;options=\" type=\"application\/x-shockwave-flash\" allowscriptaccess=\"always\" allowfullscreen=\"true\" width=\"648\" height=\"360\"><\/embed><\/object><\/p>\n","protected":false},"excerpt":{"rendered":"<p>Za ogled priporo\u010dam full screen na\u010din (pravokotna ikona spodaj desno) ter uporabo zvo\u010dnikov ali slu\u0161alk. ODHOD OD DOMA PORO\u010cNA OBREDA SPREHOD IN PORO\u010cNO SLAVJE<\/p>\n","protected":false},"author":1,"featured_media":0,"parent":62,"menu_order":0,"comment_status":"open","ping_status":"open","template":"","meta":{"footnotes":""},"class_list":["post-129","page","type-page","status-publish","hentry"],"_links":{"self":[{"href":"https:\/\/www.janezkotar.com\/fotografija\/wp-json\/wp\/v2\/pages\/129","targetHints":{"allow":["GET"]}}],"collection":[{"href":"https:\/\/www.janezkotar.com\/fotografija\/wp-json\/wp\/v2\/pages"}],"about":[{"href":"https:\/\/www.janezkotar.com\/fotografija\/wp-json\/wp\/v2\/types\/page"}],"author":[{"embeddable":true,"href":"https:\/\/www.janezkotar.com\/fotografija\/wp-json\/wp\/v2\/users\/1"}],"replies":[{"embeddable":true,"href":"https:\/\/www.janezkotar.com\/fotografija\/wp-json\/wp\/v2\/comments?post=129"}],"version-history":[{"count":4,"href":"https:\/\/www.janezkotar.com\/fotografija\/wp-json\/wp\/v2\/pages\/129\/revisions"}],"predecessor-version":[{"id":137,"href":"https:\/\/www.janezkotar.com\/fotografija\/wp-json\/wp\/v2\/pages\/129\/revisions\/137"}],"up":[{"embeddable":true,"href":"https:\/\/www.janezkotar.com\/fotografija\/wp-json\/wp\/v2\/pages\/62"}],"wp:attachment":[{"href":"https:\/\/www.janezkotar.com\/fotografija\/wp-json\/wp\/v2\/media?parent=129"}],"curies":[{"name":"wp","href":"https:\/\/api.w.org\/{rel}","templated":true}]}}